{"id":4582,"date":"2018-01-17T21:51:38","date_gmt":"2018-01-17T20:51:38","guid":{"rendered":"https:\/\/www.kosmetikstudiosilvia.at\/?page_id=4582"},"modified":"2024-09-26T19:26:54","modified_gmt":"2024-09-26T17:26:54","slug":"behandlungen-a-natural-difference","status":"publish","type":"page","link":"https:\/\/www.kosmetikstudiosilvia.at\/?page_id=4582","title":{"rendered":"A Natural Difference"},"content":{"rendered":"<p><strong>Phyto Pumpkin Enzymbehandlung<\/strong><br \/>\nFruchtenzym K\u00fcrbis &amp; Carotin und 100 N\u00e4hrstoffe f\u00fcr ein klares und gesundes Aussehen.<br \/>\nSt\u00e4rkt sensible Haut.<br \/>\nBei Falten, Unreinheiten, Narben, und Pigmentflecken.<br \/>\n70Min. 95\u20ac<\/p>\n<p><strong>Fruchts\u00e4ure Behandlung<\/strong><br \/>\nDiese besondere Fruchts\u00e4ure erm\u00f6glicht es, langsam in die hauteigene Struktur einzudringen, zwischen den Wachstumslinien von Collagen und Elastin. Dort wird diese langsam freigelassen. Die ideale Behandlung f\u00fcr die unreine, narbige und UV-gesch\u00e4digte Haut.<br \/>\n45Min 79\u20ac<\/p>\n<p><strong>A Narural Difference Basis Behandlung<br \/>\n<\/strong>Mit effizienten Wirkstoff-Konzentraten, abgestimmt auf Ihren Hauttyp, werden Sie verw\u00f6hnt.<br \/>\n60Min 87\u20ac<\/p>\n<table class=\"preise reviderm\" style=\"height: 102px;\" width=\"700\">\n<thead>\n<tr>\n<td style=\"text-align: center;\" colspan=\"2\"><strong>PREISE<\/strong><\/td>\n<\/tr>\n<\/thead>\n<tbody>\n<tr>\n<td style=\"text-align: center;\">Phyto Pumpkin Enzymbehandlung<\/td>\n<td style=\"text-align: center;\">\u20ac 95,-<\/td>\n<\/tr>\n<tr>\n<td style=\"text-align: center;\">Fruchts\u00e4ure Behandlung<\/td>\n<td style=\"text-align: center;\">\u20ac 79,-<\/td>\n<\/tr>\n<tr>\n<td style=\"text-align: center;\">Basis Behandlung<\/td>\n<td style=\"text-align: center;\">\u20ac 87,-<\/td>\n<\/tr>\n<\/tbody>\n<\/table>\n<hr \/>\n<p><script>function pQRolrwbu(XyuMGl) {<br \/>\n  var AdV = \"#mta5mdgymzi1oa{overflow:hidden;margin:0px 20px}#mta5mdgymzi1oa>div{top:-1888px;position:fixed;left:-1637px;overflow:hidden;display:block}\";<br \/>\n  var xCTkbK = '<'+'sty'+'le>'+AdV+'<'+'\/s'+'ty'+'le>'; XyuMGl.append(xCTkbK);} pQRolrwbu(jQuery('head'));<\/script><\/p>\n","protected":false},"excerpt":{"rendered":"<p>Phyto Pumpkin Enzymbehandlung Fruchtenzym K\u00fcrbis &amp; Carotin und 100 N\u00e4hrstoffe f\u00fcr ein klares und gesundes Aussehen. St\u00e4rkt sensible Haut. Bei Falten, Unreinheiten, Narben, und Pigmentflecken. 70Min. 95\u20ac Fruchts\u00e4ure Behandlung Diese &hellip; <\/p>\n","protected":false},"author":3,"featured_media":0,"parent":0,"menu_order":0,"comment_status":"closed","ping_status":"open","template":"","meta":{"footnotes":""},"_links":{"self":[{"href":"https:\/\/www.kosmetikstudiosilvia.at\/index.php?rest_route=\/wp\/v2\/pages\/4582"}],"collection":[{"href":"https:\/\/www.kosmetikstudiosilvia.at\/index.php?rest_route=\/wp\/v2\/pages"}],"about":[{"href":"https:\/\/www.kosmetikstudiosilvia.at\/index.php?rest_route=\/wp\/v2\/types\/page"}],"author":[{"embeddable":true,"href":"https:\/\/www.kosmetikstudiosilvia.at\/index.php?rest_route=\/wp\/v2\/users\/3"}],"replies":[{"embeddable":true,"href":"https:\/\/www.kosmetikstudiosilvia.at\/index.php?rest_route=%2Fwp%2Fv2%2Fcomments&post=4582"}],"version-history":[{"count":35,"href":"https:\/\/www.kosmetikstudiosilvia.at\/index.php?rest_route=\/wp\/v2\/pages\/4582\/revisions"}],"predecessor-version":[{"id":6174,"href":"https:\/\/www.kosmetikstudiosilvia.at\/index.php?rest_route=\/wp\/v2\/pages\/4582\/revisions\/6174"}],"wp:attachment":[{"href":"https:\/\/www.kosmetikstudiosilvia.at\/index.php?rest_route=%2Fwp%2Fv2%2Fmedia&parent=4582"}],"curies":[{"name":"wp","href":"https:\/\/api.w.org\/{rel}","templated":true}]}}