{"id":4580,"date":"2018-01-17T21:52:04","date_gmt":"2018-01-17T20:52:04","guid":{"rendered":"https:\/\/www.kosmetikstudiosilvia.at\/?page_id=4580"},"modified":"2026-02-15T18:06:23","modified_gmt":"2026-02-15T17:06:23","slug":"behandlungen","status":"publish","type":"page","link":"https:\/\/www.kosmetikstudiosilvia.at\/?page_id=4580","title":{"rendered":"Gesichtsbehandlungen"},"content":{"rendered":"<h3><strong>Maria Galland<em>\u00a0<\/em>Paris<\/strong><\/h3>\n<table style=\"height: 432px;\" width=\"835\" cellspacing=\"0\" cellpadding=\"7\">\n<tbody>\n<tr>\n<td bgcolor=\"#f2f2f2\" width=\"366\" height=\"15\"><\/td>\n<\/tr>\n<tr>\n<td width=\"366\">\n<p align=\"justify\">\n<\/td>\n<\/tr>\n<tr>\n<td width=\"373\" height=\"23\">\n<p align=\"justify\"><b>360\u00b0 HautDIAGNOSE<\/b><\/p>\n<p>Eine professionelle Lifestyle- und Hautanalyse. 20 min. 25 \u20ac<\/td>\n<\/tr>\n<tr>\n<td colspan=\"3\" bgcolor=\"#f2f2f2\" width=\"487\" height=\"6\"><b>SIGNATUR BEHANDLUNGEN<\/b><\/td>\n<\/tr>\n<tr>\n<td width=\"373\" height=\"50\">\n<p align=\"justify\"><em><b>DIE MODELAGE &#8211; MOSAIC MODELLING METHOD<\/b><\/em><\/p>\n<p class=\"western\" align=\"justify\">Die legend\u00e4re, ultra-personalisierte Behandlungsikone mit spektakul\u00e4rem<br \/>\nLifting-Effekt. Transformiert die Haut nach nur einer Behandlung.<\/p>\n<p class=\"western\" align=\"justify\">ESSENTIAL MOSAIC MODELLING METHOD 50 min. 110 \u20ac<\/p>\n<p class=\"western\" align=\"justify\">ORIGINAL MOSAIC MODELLING METHOD 75 min. 125 \u20ac<\/p>\n<p class=\"western\" align=\"justify\">EXCEPTIONAL MOSAIC MODELLING METHOD 90 min. 140 \u20ac<b><br \/>\n<\/b><\/p>\n<p align=\"justify\"><em><b>LUXUSBEHANDLUNG &#8211; MILLE Behandlung<\/b><\/em><\/p>\n<p class=\"western\" align=\"justify\">\u201cWenn Wissenschaft auf exklusive Pflege trifft\u201d<\/p>\n<p class=\"western\" align=\"justify\">Mehr als nur eine Behandlung, vereint dieses sensorische Erlebnis, entspannende Bewegungen mit modernsten Anti-Aging-Technologien f\u00fcr Momente unendlicher Auszeit und eine wundersch\u00f6ne Haut.\u00a0 90 min. 150 \u20ac<\/p>\n<p class=\"western\" align=\"justify\">Anti Aging Goldmaske 60 min. 110 \u20ac<\/p>\n<p align=\"justify\">\n<\/td>\n<\/tr>\n<tr>\n<td bgcolor=\"#f2f2f2\" width=\"373\" height=\"12\">\n<p class=\"western\" align=\"justify\"><span lang=\"en-GB\"><b>ESSENTIALS<\/b><\/span><\/p>\n<\/td>\n<\/tr>\n<tr>\n<td bgcolor=\"#ffffff\" width=\"373\" height=\"46\">\n<p class=\"western\" align=\"justify\"><span lang=\"fr-BE\"><b>FEUCHTIGKEITS &#8211; BEHANDLUNG &#8211; Skin Biosis<\/b><\/span><\/p>\n<p class=\"western\" align=\"justify\">Hilft, die Funktion der Hydrolipidbarriere wiederherzustellen,\u00a0die durch Stress, Klimawandel und Umweltverschmutzung geschw\u00e4cht ist.\u00a0<span style=\"font-size: revert; font-family: inherit;\">Revitalisiert K\u00f6rper und Geist nach nur einer Behandlung.<br \/>\n<\/span><span style=\"font-size: revert; font-family: inherit;\">90 min. 105 \u20ac<\/span><\/p>\n<p align=\"justify\">\n<\/td>\n<\/tr>\n<tr>\n<td colspan=\"3\" bgcolor=\"#f2f2f2\" width=\"487\" height=\"11\"><b>EXPERTEN-BEHANDLUNGEN<\/b><\/td>\n<\/tr>\n<tr>\n<td width=\"373\" height=\"32\">\n<p align=\"justify\"><b>BEHANDLUNG F\u00dcR MEHR AUSSTRAHLUNG &#8211; Skin Pulse<\/b><\/p>\n<p class=\"western\" align=\"justify\">Entspannende und manuelle Behandlung, um die nat\u00fcrliche Ausstrahlung von m\u00fcder, fahler und energieloser Haut wiederherzustellen. Sie bietet eine echte Erholung f\u00fcr die Haut, die einem stressigen Lebensstil ausgesetzt ist.<br \/>\n75 min. 125 \u20ac<b><\/b><\/p>\n<p align=\"justify\">\n<\/td>\n<\/tr>\n<tr>\n<td width=\"373\" height=\"32\">\n<p align=\"justify\"><b>LIFTING BEHANDLUNG- Skin Pulse<\/b><\/p>\n<p class=\"western\" align=\"justify\">Lifting-Behandlung mit innovativer, manueller Massage zur Remodellierung des Gesichts, verleiht der Haut unmittelbar mehr Volumen und Festigkeit.\u00a0Falten werden reduziert und die Gesichtskonturen erhalten neue Definition.<br \/>\n75 min. 135 \u20ac<b><\/b><\/p>\n<p align=\"justify\"><b>PFLEGEBEHANDLUNG F\u00dcR REIFE HAUT &#8211; Skin Pulse<\/b><\/p>\n<p class=\"western\" align=\"justify\">F\u00fcr die Bed\u00fcrfnisse reifer Haut entwickelt, kombiniert diese Behandlung hochwirksame Produkte und 100% manuelle Massagetechniken. F\u00fcr die nachweislich sofort sichtbaren Ergebnisse. Die Haut ist sichtbar glatter, gen\u00e4hrt und strahlt vor Sch\u00f6nheit.<br \/>\n75 min. 145 \u20ac<\/p>\n<p align=\"justify\">\n<\/td>\n<\/tr>\n<tr>\n<td bgcolor=\"#f2f2f2\" width=\"373\" height=\"9\">\n<p align=\"justify\"><b>BEHANDLUNGEN F\u00dcR EIN SPEZIELLES BED\u00dcRFNIS<\/b><\/p>\n<\/td>\n<\/tr>\n<tr>\n<td width=\"373\" height=\"32\">\n<p class=\"western\"><b>TIEFENREINIGUNG &#8211; DETOX<\/b><\/p>\n<p class=\"western\" align=\"justify\">Die D-Tox-Behandlung reinigt tiefenwirksam f\u00fcr einen sichtbar gekl\u00e4rten, strahlenden und gesund aussehenden Teint. Sie befreit verstopfte Poren von Unreinheiten, Sebum und Fremdpartikeln, ohne auszutrocknen.<br \/>\n<span style=\"font-size: revert; font-family: inherit;\">45 min. 65 \u20ac<\/span><\/p>\n<p class=\"western\" align=\"justify\"><b>AUGENBEHANDLUNG &#8211; SUPR\u00caME YOUTH FOR EYES <\/b><\/p>\n<p class=\"western\" align=\"justify\">Professionelle Augenbehandlung, speziell entwickelt, um auf die Bed\u00fcrfnisse der zarten Haut um die Augen einzugehen.<br \/>\n45 min. 45 \u20ac<\/p>\n<p align=\"justify\">Augenbehandlung w\u00e4hrend einer Gesichtsbehandlung 25 \u20ac<\/p>\n<p align=\"justify\"><a href=\"https:\/\/www.kosmetikstudiosilvia.at\/wp-content\/uploads\/Favicon-1.png\"><img loading=\"lazy\" decoding=\"async\" class=\"alignnone size-full wp-image-6090\" src=\"https:\/\/www.kosmetikstudiosilvia.at\/wp-content\/uploads\/Favicon-1.png\" alt=\"\" width=\"11\" height=\"16\" \/><\/a>\u00a0 <a href=\"https:\/\/www.kosmetikstudiosilvia.at\/wp-content\/uploads\/Favicon-1.png\"><img loading=\"lazy\" decoding=\"async\" class=\"alignnone size-full wp-image-6090\" src=\"https:\/\/www.kosmetikstudiosilvia.at\/wp-content\/uploads\/Favicon-1.png\" alt=\"\" width=\"11\" height=\"16\" \/><\/a>\u00a0 <a href=\"https:\/\/www.kosmetikstudiosilvia.at\/wp-content\/uploads\/Favicon-1.png\"><img loading=\"lazy\" decoding=\"async\" class=\"alignnone size-full wp-image-6090\" src=\"https:\/\/www.kosmetikstudiosilvia.at\/wp-content\/uploads\/Favicon-1.png\" alt=\"\" width=\"11\" height=\"16\" \/><\/a>\u00a0 <a href=\"https:\/\/www.kosmetikstudiosilvia.at\/wp-content\/uploads\/Favicon-1.png\"><img loading=\"lazy\" decoding=\"async\" class=\"alignnone size-full wp-image-6090\" src=\"https:\/\/www.kosmetikstudiosilvia.at\/wp-content\/uploads\/Favicon-1.png\" alt=\"\" width=\"11\" height=\"16\" \/><\/a>\u00a0 <a href=\"https:\/\/www.kosmetikstudiosilvia.at\/wp-content\/uploads\/Favicon-1.png\"><img loading=\"lazy\" decoding=\"async\" class=\"alignnone size-full wp-image-6090\" src=\"https:\/\/www.kosmetikstudiosilvia.at\/wp-content\/uploads\/Favicon-1.png\" alt=\"\" width=\"11\" height=\"16\" \/><\/a>\u00a0 <a href=\"https:\/\/www.kosmetikstudiosilvia.at\/wp-content\/uploads\/Favicon-1.png\"><img loading=\"lazy\" decoding=\"async\" class=\"alignnone size-full wp-image-6090\" src=\"https:\/\/www.kosmetikstudiosilvia.at\/wp-content\/uploads\/Favicon-1.png\" alt=\"\" width=\"11\" height=\"16\" \/><\/a>\u00a0 <a href=\"https:\/\/www.kosmetikstudiosilvia.at\/wp-content\/uploads\/Favicon-1.png\"><img loading=\"lazy\" decoding=\"async\" class=\"alignnone size-full wp-image-6090\" src=\"https:\/\/www.kosmetikstudiosilvia.at\/wp-content\/uploads\/Favicon-1.png\" alt=\"\" width=\"11\" height=\"16\" \/><\/a>\u00a0 <a href=\"https:\/\/www.kosmetikstudiosilvia.at\/wp-content\/uploads\/Favicon-1.png\"><img loading=\"lazy\" decoding=\"async\" class=\"alignnone size-full wp-image-6090\" src=\"https:\/\/www.kosmetikstudiosilvia.at\/wp-content\/uploads\/Favicon-1.png\" alt=\"\" width=\"11\" height=\"16\" \/><\/a>\u00a0 <a href=\"https:\/\/www.kosmetikstudiosilvia.at\/wp-content\/uploads\/Favicon-1.png\"><img loading=\"lazy\" decoding=\"async\" class=\"alignnone size-full wp-image-6090\" src=\"https:\/\/www.kosmetikstudiosilvia.at\/wp-content\/uploads\/Favicon-1.png\" alt=\"\" width=\"11\" height=\"16\" \/><\/a>\u00a0 <a href=\"https:\/\/www.kosmetikstudiosilvia.at\/wp-content\/uploads\/Favicon-1.png\"><img loading=\"lazy\" decoding=\"async\" class=\"alignnone size-full wp-image-6090\" src=\"https:\/\/www.kosmetikstudiosilvia.at\/wp-content\/uploads\/Favicon-1.png\" alt=\"\" width=\"11\" height=\"16\" \/><\/a><\/p>\n<p align=\"justify\"><a href=\"https:\/\/www.kosmetikstudiosilvia.at\/wp-content\/uploads\/Favicon-1.png\"><img loading=\"lazy\" decoding=\"async\" class=\"alignnone size-full wp-image-6090\" src=\"https:\/\/www.kosmetikstudiosilvia.at\/wp-content\/uploads\/Favicon-1.png\" alt=\"\" width=\"11\" height=\"16\" \/><\/a>\u00a0 <a href=\"https:\/\/www.kosmetikstudiosilvia.at\/wp-content\/uploads\/Favicon-1.png\"><img loading=\"lazy\" decoding=\"async\" class=\"alignnone size-full wp-image-6090\" src=\"https:\/\/www.kosmetikstudiosilvia.at\/wp-content\/uploads\/Favicon-1.png\" alt=\"\" width=\"11\" height=\"16\" \/><\/a>\u00a0 <a href=\"https:\/\/www.kosmetikstudiosilvia.at\/wp-content\/uploads\/Favicon-1.png\"><img loading=\"lazy\" decoding=\"async\" class=\"alignnone size-full wp-image-6090\" src=\"https:\/\/www.kosmetikstudiosilvia.at\/wp-content\/uploads\/Favicon-1.png\" alt=\"\" width=\"11\" height=\"16\" \/><\/a>\u00a0 <a href=\"https:\/\/www.kosmetikstudiosilvia.at\/wp-content\/uploads\/Favicon-1.png\"><img loading=\"lazy\" decoding=\"async\" class=\"alignnone size-full wp-image-6090\" src=\"https:\/\/www.kosmetikstudiosilvia.at\/wp-content\/uploads\/Favicon-1.png\" alt=\"\" width=\"11\" height=\"16\" \/><\/a>\u00a0 <a href=\"https:\/\/www.kosmetikstudiosilvia.at\/wp-content\/uploads\/Favicon-1.png\"><img loading=\"lazy\" decoding=\"async\" class=\"alignnone size-full wp-image-6090\" src=\"https:\/\/www.kosmetikstudiosilvia.at\/wp-content\/uploads\/Favicon-1.png\" alt=\"\" width=\"11\" height=\"16\" \/><\/a>\u00a0 <a href=\"https:\/\/www.kosmetikstudiosilvia.at\/wp-content\/uploads\/Favicon-1.png\"><img loading=\"lazy\" decoding=\"async\" class=\"alignnone size-full wp-image-6090\" src=\"https:\/\/www.kosmetikstudiosilvia.at\/wp-content\/uploads\/Favicon-1.png\" alt=\"\" width=\"11\" height=\"16\" \/><\/a>\u00a0 <a href=\"https:\/\/www.kosmetikstudiosilvia.at\/wp-content\/uploads\/Favicon-1.png\"><img loading=\"lazy\" decoding=\"async\" class=\"alignnone size-full wp-image-6090\" src=\"https:\/\/www.kosmetikstudiosilvia.at\/wp-content\/uploads\/Favicon-1.png\" alt=\"\" width=\"11\" height=\"16\" \/><\/a>\u00a0 <a href=\"https:\/\/www.kosmetikstudiosilvia.at\/wp-content\/uploads\/Favicon-1.png\"><img loading=\"lazy\" decoding=\"async\" class=\"alignnone size-full wp-image-6090\" src=\"https:\/\/www.kosmetikstudiosilvia.at\/wp-content\/uploads\/Favicon-1.png\" alt=\"\" width=\"11\" height=\"16\" \/><\/a>\u00a0 <a href=\"https:\/\/www.kosmetikstudiosilvia.at\/wp-content\/uploads\/Favicon-1.png\"><img loading=\"lazy\" decoding=\"async\" class=\"alignnone size-full wp-image-6090\" src=\"https:\/\/www.kosmetikstudiosilvia.at\/wp-content\/uploads\/Favicon-1.png\" alt=\"\" width=\"11\" height=\"16\" \/><\/a>\u00a0 <a href=\"https:\/\/www.kosmetikstudiosilvia.at\/wp-content\/uploads\/Favicon-1.png\"><img loading=\"lazy\" decoding=\"async\" class=\"alignnone size-full wp-image-6090\" src=\"https:\/\/www.kosmetikstudiosilvia.at\/wp-content\/uploads\/Favicon-1.png\" alt=\"\" width=\"11\" height=\"16\" \/><\/a><\/p>\n<p align=\"justify\"><b>Mikrodermabrasion<\/b> mit einer Poren-Reinigung und Maske 60 min. 110 \u20ac<br \/>\n<b>Mikrodermabrasion<\/b> w\u00e4hrend einer Behandlung inkl. Poren-Reinigung 45 \u20ac<\/p>\n<p align=\"justify\">\n<\/td>\n<\/tr>\n<\/tbody>\n<\/table>\n<p><!--more--><\/p>\n<h3><\/h3>\n<p><a href=\"https:\/\/www.kosmetikstudiosilvia.at\/wp-content\/uploads\/Favicon-1.png\"><img loading=\"lazy\" decoding=\"async\" class=\"alignnone size-full wp-image-6090\" src=\"https:\/\/www.kosmetikstudiosilvia.at\/wp-content\/uploads\/Favicon-1.png\" alt=\"\" width=\"11\" height=\"16\" \/><\/a>\u00a0 <a href=\"https:\/\/www.kosmetikstudiosilvia.at\/wp-content\/uploads\/Favicon-1.png\"><img loading=\"lazy\" decoding=\"async\" class=\"alignnone size-full wp-image-6090\" src=\"https:\/\/www.kosmetikstudiosilvia.at\/wp-content\/uploads\/Favicon-1.png\" alt=\"\" width=\"11\" height=\"16\" \/><\/a>\u00a0 <a href=\"https:\/\/www.kosmetikstudiosilvia.at\/wp-content\/uploads\/Favicon-1.png\"><img loading=\"lazy\" decoding=\"async\" class=\"alignnone size-full wp-image-6090\" src=\"https:\/\/www.kosmetikstudiosilvia.at\/wp-content\/uploads\/Favicon-1.png\" alt=\"\" width=\"11\" height=\"16\" \/><\/a>\u00a0 <a href=\"https:\/\/www.kosmetikstudiosilvia.at\/wp-content\/uploads\/Favicon-1.png\"><img loading=\"lazy\" decoding=\"async\" class=\"alignnone size-full wp-image-6090\" src=\"https:\/\/www.kosmetikstudiosilvia.at\/wp-content\/uploads\/Favicon-1.png\" alt=\"\" width=\"11\" height=\"16\" \/><\/a>\u00a0 <a href=\"https:\/\/www.kosmetikstudiosilvia.at\/wp-content\/uploads\/Favicon-1.png\"><img loading=\"lazy\" decoding=\"async\" class=\"alignnone size-full wp-image-6090\" src=\"https:\/\/www.kosmetikstudiosilvia.at\/wp-content\/uploads\/Favicon-1.png\" alt=\"\" width=\"11\" height=\"16\" \/><\/a>\u00a0 <a href=\"https:\/\/www.kosmetikstudiosilvia.at\/wp-content\/uploads\/Favicon-1.png\"><img loading=\"lazy\" decoding=\"async\" class=\"alignnone size-full wp-image-6090\" src=\"https:\/\/www.kosmetikstudiosilvia.at\/wp-content\/uploads\/Favicon-1.png\" alt=\"\" width=\"11\" height=\"16\" \/><\/a>\u00a0 <a href=\"https:\/\/www.kosmetikstudiosilvia.at\/wp-content\/uploads\/Favicon-1.png\"><img loading=\"lazy\" decoding=\"async\" class=\"alignnone size-full wp-image-6090\" src=\"https:\/\/www.kosmetikstudiosilvia.at\/wp-content\/uploads\/Favicon-1.png\" alt=\"\" width=\"11\" height=\"16\" \/><\/a>\u00a0 <a href=\"https:\/\/www.kosmetikstudiosilvia.at\/wp-content\/uploads\/Favicon-1.png\"><img loading=\"lazy\" decoding=\"async\" class=\"alignnone size-full wp-image-6090\" src=\"https:\/\/www.kosmetikstudiosilvia.at\/wp-content\/uploads\/Favicon-1.png\" alt=\"\" width=\"11\" height=\"16\" \/><\/a>\u00a0 <a href=\"https:\/\/www.kosmetikstudiosilvia.at\/wp-content\/uploads\/Favicon-1.png\"><img loading=\"lazy\" decoding=\"async\" class=\"alignnone size-full wp-image-6090\" src=\"https:\/\/www.kosmetikstudiosilvia.at\/wp-content\/uploads\/Favicon-1.png\" alt=\"\" width=\"11\" height=\"16\" \/><\/a>\u00a0 <a href=\"https:\/\/www.kosmetikstudiosilvia.at\/wp-content\/uploads\/Favicon-1.png\"><img loading=\"lazy\" decoding=\"async\" class=\"alignnone size-full wp-image-6090\" src=\"https:\/\/www.kosmetikstudiosilvia.at\/wp-content\/uploads\/Favicon-1.png\" alt=\"\" width=\"11\" height=\"16\" \/><\/a>\u00a0 <a href=\"https:\/\/www.kosmetikstudiosilvia.at\/wp-content\/uploads\/Favicon-1.png\"><img loading=\"lazy\" decoding=\"async\" class=\"alignnone size-full wp-image-6090\" src=\"https:\/\/www.kosmetikstudiosilvia.at\/wp-content\/uploads\/Favicon-1.png\" alt=\"\" width=\"11\" height=\"16\" \/><\/a>\u00a0 <a href=\"https:\/\/www.kosmetikstudiosilvia.at\/wp-content\/uploads\/Favicon-1.png\"><img loading=\"lazy\" decoding=\"async\" class=\"alignnone size-full wp-image-6090\" src=\"https:\/\/www.kosmetikstudiosilvia.at\/wp-content\/uploads\/Favicon-1.png\" alt=\"\" width=\"11\" height=\"16\" \/><\/a>\u00a0 <a href=\"https:\/\/www.kosmetikstudiosilvia.at\/wp-content\/uploads\/Favicon-1.png\"><img loading=\"lazy\" decoding=\"async\" class=\"alignnone size-full wp-image-6090\" src=\"https:\/\/www.kosmetikstudiosilvia.at\/wp-content\/uploads\/Favicon-1.png\" alt=\"\" width=\"11\" height=\"16\" \/><\/a>\u00a0 <a href=\"https:\/\/www.kosmetikstudiosilvia.at\/wp-content\/uploads\/Favicon-1.png\"><img loading=\"lazy\" decoding=\"async\" class=\"alignnone size-full wp-image-6090\" src=\"https:\/\/www.kosmetikstudiosilvia.at\/wp-content\/uploads\/Favicon-1.png\" alt=\"\" width=\"11\" height=\"16\" \/><\/a>\u00a0 <a href=\"https:\/\/www.kosmetikstudiosilvia.at\/wp-content\/uploads\/Favicon-1.png\"><img loading=\"lazy\" decoding=\"async\" class=\"alignnone size-full wp-image-6090\" src=\"https:\/\/www.kosmetikstudiosilvia.at\/wp-content\/uploads\/Favicon-1.png\" alt=\"\" width=\"11\" height=\"16\" \/><\/a>\u00a0 <a href=\"https:\/\/www.kosmetikstudiosilvia.at\/wp-content\/uploads\/Favicon-1.png\"><img loading=\"lazy\" decoding=\"async\" class=\"alignnone size-full wp-image-6090\" src=\"https:\/\/www.kosmetikstudiosilvia.at\/wp-content\/uploads\/Favicon-1.png\" alt=\"\" width=\"11\" height=\"16\" \/><\/a>\u00a0 <a href=\"https:\/\/www.kosmetikstudiosilvia.at\/wp-content\/uploads\/Favicon-1.png\"><img loading=\"lazy\" decoding=\"async\" class=\"alignnone size-full wp-image-6090\" src=\"https:\/\/www.kosmetikstudiosilvia.at\/wp-content\/uploads\/Favicon-1.png\" alt=\"\" width=\"11\" height=\"16\" \/><\/a>\u00a0 <a href=\"https:\/\/www.kosmetikstudiosilvia.at\/wp-content\/uploads\/Favicon-1.png\"><img loading=\"lazy\" decoding=\"async\" class=\"alignnone size-full wp-image-6090\" src=\"https:\/\/www.kosmetikstudiosilvia.at\/wp-content\/uploads\/Favicon-1.png\" alt=\"\" width=\"11\" height=\"16\" \/><\/a>\u00a0 <a href=\"https:\/\/www.kosmetikstudiosilvia.at\/wp-content\/uploads\/Favicon-1.png\"><img loading=\"lazy\" decoding=\"async\" class=\"alignnone size-full wp-image-6090\" src=\"https:\/\/www.kosmetikstudiosilvia.at\/wp-content\/uploads\/Favicon-1.png\" alt=\"\" width=\"11\" height=\"16\" \/><\/a>\u00a0 <a href=\"https:\/\/www.kosmetikstudiosilvia.at\/wp-content\/uploads\/Favicon-1.png\"><img loading=\"lazy\" decoding=\"async\" class=\"alignnone size-full wp-image-6090\" src=\"https:\/\/www.kosmetikstudiosilvia.at\/wp-content\/uploads\/Favicon-1.png\" alt=\"\" width=\"11\" height=\"16\" \/><\/a>\u00a0 <a href=\"https:\/\/www.kosmetikstudiosilvia.at\/wp-content\/uploads\/Favicon-1.png\"><img loading=\"lazy\" decoding=\"async\" class=\"alignnone size-full wp-image-6090\" src=\"https:\/\/www.kosmetikstudiosilvia.at\/wp-content\/uploads\/Favicon-1.png\" alt=\"\" width=\"11\" height=\"16\" \/><\/a>\u00a0 <a href=\"https:\/\/www.kosmetikstudiosilvia.at\/wp-content\/uploads\/Favicon-1.png\"><img loading=\"lazy\" decoding=\"async\" class=\"alignnone size-full wp-image-6090\" src=\"https:\/\/www.kosmetikstudiosilvia.at\/wp-content\/uploads\/Favicon-1.png\" alt=\"\" width=\"11\" height=\"16\" \/><\/a>\u00a0 <a href=\"https:\/\/www.kosmetikstudiosilvia.at\/wp-content\/uploads\/Favicon-1.png\"><img loading=\"lazy\" decoding=\"async\" class=\"alignnone size-full wp-image-6090\" src=\"https:\/\/www.kosmetikstudiosilvia.at\/wp-content\/uploads\/Favicon-1.png\" alt=\"\" width=\"11\" height=\"16\" \/><\/a>\u00a0 <a href=\"https:\/\/www.kosmetikstudiosilvia.at\/wp-content\/uploads\/Favicon-1.png\"><img loading=\"lazy\" decoding=\"async\" class=\"alignnone size-full wp-image-6090\" src=\"https:\/\/www.kosmetikstudiosilvia.at\/wp-content\/uploads\/Favicon-1.png\" alt=\"\" width=\"11\" height=\"16\" \/><\/a>\u00a0 <a href=\"https:\/\/www.kosmetikstudiosilvia.at\/wp-content\/uploads\/Favicon-1.png\"><img loading=\"lazy\" decoding=\"async\" class=\"alignnone size-full wp-image-6090\" src=\"https:\/\/www.kosmetikstudiosilvia.at\/wp-content\/uploads\/Favicon-1.png\" alt=\"\" width=\"11\" height=\"16\" \/><\/a>\u00a0 <a href=\"https:\/\/www.kosmetikstudiosilvia.at\/wp-content\/uploads\/Favicon-1.png\"><img loading=\"lazy\" decoding=\"async\" class=\"alignnone size-full wp-image-6090\" src=\"https:\/\/www.kosmetikstudiosilvia.at\/wp-content\/uploads\/Favicon-1.png\" alt=\"\" width=\"11\" height=\"16\" \/><\/a>\u00a0 <a href=\"https:\/\/www.kosmetikstudiosilvia.at\/wp-content\/uploads\/Favicon-1.png\"><img loading=\"lazy\" decoding=\"async\" class=\"alignnone size-full wp-image-6090\" src=\"https:\/\/www.kosmetikstudiosilvia.at\/wp-content\/uploads\/Favicon-1.png\" alt=\"\" width=\"11\" height=\"16\" \/><\/a>\u00a0 <a href=\"https:\/\/www.kosmetikstudiosilvia.at\/wp-content\/uploads\/Favicon-1.png\"><img loading=\"lazy\" decoding=\"async\" class=\"alignnone size-full wp-image-6090\" src=\"https:\/\/www.kosmetikstudiosilvia.at\/wp-content\/uploads\/Favicon-1.png\" alt=\"\" width=\"11\" height=\"16\" \/><\/a>\u00a0 <a href=\"https:\/\/www.kosmetikstudiosilvia.at\/wp-content\/uploads\/Favicon-1.png\"><img loading=\"lazy\" decoding=\"async\" class=\"alignnone size-full wp-image-6090\" src=\"https:\/\/www.kosmetikstudiosilvia.at\/wp-content\/uploads\/Favicon-1.png\" alt=\"\" width=\"11\" height=\"16\" \/><\/a>\u00a0 <a href=\"https:\/\/www.kosmetikstudiosilvia.at\/wp-content\/uploads\/Favicon-1.png\"><img loading=\"lazy\" decoding=\"async\" class=\"alignnone size-full wp-image-6090\" src=\"https:\/\/www.kosmetikstudiosilvia.at\/wp-content\/uploads\/Favicon-1.png\" alt=\"\" width=\"11\" height=\"16\" \/><\/a>\u00a0 <a href=\"https:\/\/www.kosmetikstudiosilvia.at\/wp-content\/uploads\/Favicon-1.png\"><img loading=\"lazy\" decoding=\"async\" class=\"alignnone size-full wp-image-6090\" src=\"https:\/\/www.kosmetikstudiosilvia.at\/wp-content\/uploads\/Favicon-1.png\" alt=\"\" width=\"11\" height=\"16\" \/><\/a>\u00a0 <a href=\"https:\/\/www.kosmetikstudiosilvia.at\/wp-content\/uploads\/Favicon-1.png\"><img loading=\"lazy\" decoding=\"async\" class=\"alignnone size-full wp-image-6090\" src=\"https:\/\/www.kosmetikstudiosilvia.at\/wp-content\/uploads\/Favicon-1.png\" alt=\"\" width=\"11\" height=\"16\" \/><\/a>\u00a0 <a href=\"https:\/\/www.kosmetikstudiosilvia.at\/wp-content\/uploads\/Favicon-1.png\"><img loading=\"lazy\" decoding=\"async\" class=\"alignnone size-full wp-image-6090\" src=\"https:\/\/www.kosmetikstudiosilvia.at\/wp-content\/uploads\/Favicon-1.png\" alt=\"\" width=\"11\" height=\"16\" \/><\/a>\u00a0 <a href=\"https:\/\/www.kosmetikstudiosilvia.at\/wp-content\/uploads\/Favicon-1.png\"><img loading=\"lazy\" decoding=\"async\" class=\"alignnone size-full wp-image-6090\" src=\"https:\/\/www.kosmetikstudiosilvia.at\/wp-content\/uploads\/Favicon-1.png\" alt=\"\" width=\"11\" height=\"16\" \/><\/a>\u00a0 <a href=\"https:\/\/www.kosmetikstudiosilvia.at\/wp-content\/uploads\/Favicon-1.png\"><img loading=\"lazy\" decoding=\"async\" class=\"alignnone size-full wp-image-6090\" src=\"https:\/\/www.kosmetikstudiosilvia.at\/wp-content\/uploads\/Favicon-1.png\" alt=\"\" width=\"11\" height=\"16\" \/><\/a>\u00a0 <a href=\"https:\/\/www.kosmetikstudiosilvia.at\/wp-content\/uploads\/Favicon-1.png\"><img loading=\"lazy\" decoding=\"async\" class=\"alignnone size-full wp-image-6090\" src=\"https:\/\/www.kosmetikstudiosilvia.at\/wp-content\/uploads\/Favicon-1.png\" alt=\"\" width=\"11\" height=\"16\" \/><\/a>\u00a0 <a href=\"https:\/\/www.kosmetikstudiosilvia.at\/wp-content\/uploads\/Favicon-1.png\"><img loading=\"lazy\" decoding=\"async\" class=\"alignnone size-full wp-image-6090\" src=\"https:\/\/www.kosmetikstudiosilvia.at\/wp-content\/uploads\/Favicon-1.png\" alt=\"\" width=\"11\" height=\"16\" \/><\/a>\u00a0 <a href=\"https:\/\/www.kosmetikstudiosilvia.at\/wp-content\/uploads\/Favicon-1.png\"><img loading=\"lazy\" decoding=\"async\" class=\"alignnone size-full wp-image-6090\" src=\"https:\/\/www.kosmetikstudiosilvia.at\/wp-content\/uploads\/Favicon-1.png\" alt=\"\" width=\"11\" height=\"16\" \/><\/a>\u00a0 <a href=\"https:\/\/www.kosmetikstudiosilvia.at\/wp-content\/uploads\/Favicon-1.png\"><img loading=\"lazy\" decoding=\"async\" class=\"alignnone size-full wp-image-6090\" src=\"https:\/\/www.kosmetikstudiosilvia.at\/wp-content\/uploads\/Favicon-1.png\" alt=\"\" width=\"11\" height=\"16\" \/><\/a>\u00a0 <a href=\"https:\/\/www.kosmetikstudiosilvia.at\/wp-content\/uploads\/Favicon-1.png\"><img loading=\"lazy\" decoding=\"async\" class=\"alignnone size-full wp-image-6090\" src=\"https:\/\/www.kosmetikstudiosilvia.at\/wp-content\/uploads\/Favicon-1.png\" alt=\"\" width=\"11\" height=\"16\" \/><\/a>\u00a0 <a href=\"https:\/\/www.kosmetikstudiosilvia.at\/wp-content\/uploads\/Favicon-1.png\"><img loading=\"lazy\" decoding=\"async\" class=\"alignnone size-full wp-image-6090\" src=\"https:\/\/www.kosmetikstudiosilvia.at\/wp-content\/uploads\/Favicon-1.png\" alt=\"\" width=\"11\" height=\"16\" \/><\/a>\u00a0 <a href=\"https:\/\/www.kosmetikstudiosilvia.at\/wp-content\/uploads\/Favicon-1.png\"><img loading=\"lazy\" decoding=\"async\" class=\"alignnone size-full wp-image-6090\" src=\"https:\/\/www.kosmetikstudiosilvia.at\/wp-content\/uploads\/Favicon-1.png\" alt=\"\" width=\"11\" height=\"16\" \/><\/a>\u00a0 <a href=\"https:\/\/www.kosmetikstudiosilvia.at\/wp-content\/uploads\/Favicon-1.png\"><img loading=\"lazy\" decoding=\"async\" class=\"alignnone size-full wp-image-6090\" src=\"https:\/\/www.kosmetikstudiosilvia.at\/wp-content\/uploads\/Favicon-1.png\" alt=\"\" width=\"11\" height=\"16\" \/><\/a>\u00a0 <a href=\"https:\/\/www.kosmetikstudiosilvia.at\/wp-content\/uploads\/Favicon-1.png\"><img loading=\"lazy\" decoding=\"async\" class=\"alignnone size-full wp-image-6090\" src=\"https:\/\/www.kosmetikstudiosilvia.at\/wp-content\/uploads\/Favicon-1.png\" alt=\"\" width=\"11\" height=\"16\" \/><\/a><\/p>\n<div id=\"mta5mdgymzi1oa\">\n<h3><strong>A Natural Difference<\/strong><\/h3>\n<\/div>\n<p><strong>Phyto Pumpkin Enzymbehandlung<\/strong><br \/>\nFruchtenzym vom K\u00fcrbis &amp; Carotin &amp; 100 N\u00e4hrstoffe f\u00fcr ein klares und gesundes Aussehen.<br \/>\nSt\u00e4rkt sensible Haut.<br \/>\nBei Falten, Unreinheiten, Narben, und Pigmentflecken.<br \/>\n70 min. 110 \u20ac<br \/>\n&#x1f338;<\/p>\n<p><strong>Fruchts\u00e4ure Behandlung<\/strong><br \/>\nDiese besondere Fruchts\u00e4ure erm\u00f6glicht es, langsam in die hauteigene Struktur einzudringen, zwischen den Wachstumslinien von Collagen und Elastin. Dort wird diese langsam freigelassen. Die ideale Behandlung f\u00fcr die unreine, narbige und UV-gesch\u00e4digte Haut.<br \/>\n45 min. 79 \u20ac<br \/>\n&#x1f338;<\/p>\n<p><strong>A Natural Difference Basis Behandlung<br \/>\n<\/strong>Mit effizienten Wirkstoff-Konzentraten, abgestimmt auf Ihren Hauttyp, werden Sie verw\u00f6hnt.<br \/>\n60 min. 99 \u20ac<br \/>\n&#x1f338;<\/p>\n","protected":false},"excerpt":{"rendered":"<p>Maria Galland\u00a0Paris 360\u00b0 HautDIAGNOSE Eine professionelle Lifestyle- und Hautanalyse. 20 min. 25 \u20ac SIGNATUR BEHANDLUNGEN DIE MODELAGE &#8211; MOSAIC MODELLING METHOD Die legend\u00e4re, ultra-personalisierte Behandlungsikone mit spektakul\u00e4rem Lifting-Effekt. Transformiert die &hellip; <\/p>\n","protected":false},"author":3,"featured_media":0,"parent":0,"menu_order":0,"comment_status":"closed","ping_status":"closed","template":"","meta":{"footnotes":""},"_links":{"self":[{"href":"https:\/\/www.kosmetikstudiosilvia.at\/index.php?rest_route=\/wp\/v2\/pages\/4580"}],"collection":[{"href":"https:\/\/www.kosmetikstudiosilvia.at\/index.php?rest_route=\/wp\/v2\/pages"}],"about":[{"href":"https:\/\/www.kosmetikstudiosilvia.at\/index.php?rest_route=\/wp\/v2\/types\/page"}],"author":[{"embeddable":true,"href":"https:\/\/www.kosmetikstudiosilvia.at\/index.php?rest_route=\/wp\/v2\/users\/3"}],"replies":[{"embeddable":true,"href":"https:\/\/www.kosmetikstudiosilvia.at\/index.php?rest_route=%2Fwp%2Fv2%2Fcomments&post=4580"}],"version-history":[{"count":128,"href":"https:\/\/www.kosmetikstudiosilvia.at\/index.php?rest_route=\/wp\/v2\/pages\/4580\/revisions"}],"predecessor-version":[{"id":6310,"href":"https:\/\/www.kosmetikstudiosilvia.at\/index.php?rest_route=\/wp\/v2\/pages\/4580\/revisions\/6310"}],"wp:attachment":[{"href":"https:\/\/www.kosmetikstudiosilvia.at\/index.php?rest_route=%2Fwp%2Fv2%2Fmedia&parent=4580"}],"curies":[{"name":"wp","href":"https:\/\/api.w.org\/{rel}","templated":true}]}}