{"id":363,"date":"2014-11-20T14:04:46","date_gmt":"2014-11-20T12:04:46","guid":{"rendered":"http:\/\/schieszer.syntax-design.at\/?page_id=363"},"modified":"2024-09-26T20:14:21","modified_gmt":"2024-09-26T18:14:21","slug":"lhe-haarentfernung","status":"publish","type":"page","link":"https:\/\/www.kosmetikstudiosilvia.at\/?page_id=363","title":{"rendered":"Kooperationen"},"content":{"rendered":"<p><a href=\"https:\/\/www.kosmetikstudiosilvia.at\/wp-content\/uploads\/pd_logo.jpg\"><img loading=\"lazy\" decoding=\"async\" class=\"alignnone size-full wp-image-3421\" src=\"https:\/\/www.kosmetikstudiosilvia.at\/wp-content\/uploads\/pd_logo.jpg\" alt=\"\" width=\"124\" height=\"124\" srcset=\"https:\/\/www.kosmetikstudiosilvia.at\/wp-content\/uploads\/pd_logo.jpg 124w, https:\/\/www.kosmetikstudiosilvia.at\/wp-content\/uploads\/pd_logo-100x100.jpg 100w\" sizes=\"(max-width: 124px) 100vw, 124px\" \/><\/a><\/p>\n<p><strong>Pilates Studio<\/strong><br \/>\nAriane Frasca<br \/>\n1190 Wien, Terminvereinbarung unter: +43 664 509 7667<br \/>\n<a href=\"https:\/\/www.pilates-doebling.at\/\">https:\/\/www.pilates-doebling.at\/<\/a><\/p>\n<p><strong><a href=\"https:\/\/www.kosmetikstudiosilvia.at\/wp-content\/uploads\/Das-Bad-e1418041997927.png\"><img loading=\"lazy\" decoding=\"async\" class=\"alignnone size-full wp-image-373\" src=\"https:\/\/www.kosmetikstudiosilvia.at\/wp-content\/uploads\/Das-Bad-e1418041997927.png\" alt=\"\" width=\"124\" height=\"124\" srcset=\"https:\/\/www.kosmetikstudiosilvia.at\/wp-content\/uploads\/Das-Bad-e1418041997927.png 124w, https:\/\/www.kosmetikstudiosilvia.at\/wp-content\/uploads\/Das-Bad-e1418041997927-100x100.png 100w\" sizes=\"(max-width: 124px) 100vw, 124px\" \/><\/a><\/strong><\/p>\n<p><strong>DAS BAD Installateur Wien<\/strong><br \/>\nWir gestalten Traumb\u00e4der &#8211; in perfektem Zusammenspiel von Design, Funktionalit\u00e4t und Qualit\u00e4t.<br \/>\nWir bieten Komplettbetreuung &#8211; von der Planung bis zur Umsetzung &#8211; mit zentralem Ansprechpartner und Top-Profis im Hintergrund.<br \/>\n<a href=\"https:\/\/www.das-bad.at\">https:\/\/www.das-bad.at<\/a><\/p>\n<p><a href=\"https:\/\/www.kosmetikstudiosilvia.at\/wp-content\/uploads\/Lifebalance.png\"><img loading=\"lazy\" decoding=\"async\" class=\"alignnone size-full wp-image-385\" src=\"https:\/\/www.kosmetikstudiosilvia.at\/wp-content\/uploads\/Lifebalance.png\" alt=\"\" width=\"56\" height=\"55\" \/><\/a><\/p>\n<p><strong>Lifebalance<br \/>\n<\/strong>Praxisgemeinschaft f\u00fcr ganzheitliche Gesundheit, pers\u00f6nliche Entwicklung und Lebensberatung.<br \/>\nLifebalance ist lebendiges Streben nach Gleichgewicht im Leben.<br \/>\n<a href=\"https:\/\/www.lifebalance.at\">https:\/\/www.lifebalance.at<\/a><\/p>\n<p><strong><a href=\"https:\/\/www.kosmetikstudiosilvia.at\/wp-content\/uploads\/Minwin.png\"><img loading=\"lazy\" decoding=\"async\" class=\"alignnone size-full wp-image-393\" src=\"https:\/\/www.kosmetikstudiosilvia.at\/wp-content\/uploads\/Minwin.png\" alt=\"\" width=\"154\" height=\"154\" srcset=\"https:\/\/www.kosmetikstudiosilvia.at\/wp-content\/uploads\/Minwin.png 154w, https:\/\/www.kosmetikstudiosilvia.at\/wp-content\/uploads\/Minwin-100x100.png 100w, https:\/\/www.kosmetikstudiosilvia.at\/wp-content\/uploads\/Minwin-150x150.png 150w\" sizes=\"(max-width: 154px) 100vw, 154px\" \/><\/a><br \/>\nMag. Sabine Petsch &#8211; Min &amp; Win OEG<br \/>\n<\/strong>Mag. Sabine Petsch<br \/>\nEingetragene Mediatorin, Psychologin<br \/>\n<a href=\"https:\/\/www.minwin.at\/\">https:\/\/www.minwin.at<\/a><\/p>\n<p><strong><a href=\"https:\/\/www.kosmetikstudiosilvia.at\/wp-content\/uploads\/Turkof-e1418041756266.jpg\"><img loading=\"lazy\" decoding=\"async\" class=\"alignnone size-full wp-image-417\" src=\"https:\/\/www.kosmetikstudiosilvia.at\/wp-content\/uploads\/Turkof-e1418041756266.jpg\" alt=\"\" width=\"119\" height=\"119\" srcset=\"https:\/\/www.kosmetikstudiosilvia.at\/wp-content\/uploads\/Turkof-e1418041756266.jpg 119w, https:\/\/www.kosmetikstudiosilvia.at\/wp-content\/uploads\/Turkof-e1418041756266-100x100.jpg 100w\" sizes=\"(max-width: 119px) 100vw, 119px\" \/><\/a><br \/>\nDr. Edvin Turkof<\/strong><br \/>\n<a href=\"https:\/\/www.turkof.com\/\">https:\/\/www.turkof.com<\/a><\/p>\n<p><strong>Maria Galland Shop<\/strong><br \/>\n<a href=\"https:\/\/www.mariagalland.com\/de_DE\/home?INSTid=1401855043\">https:\/\/www.mariagalland.com\/<\/a><\/p>\n<p><strong><a href=\"https:\/\/www.kosmetikstudiosilvia.at\/wp-content\/uploads\/BildLogo2.png\"><img loading=\"lazy\" decoding=\"async\" class=\"alignnone size-thumbnail wp-image-2241\" src=\"https:\/\/www.kosmetikstudiosilvia.at\/wp-content\/uploads\/BildLogo2-150x150.png\" alt=\"\" width=\"150\" height=\"150\" srcset=\"https:\/\/www.kosmetikstudiosilvia.at\/wp-content\/uploads\/BildLogo2-150x150.png 150w, https:\/\/www.kosmetikstudiosilvia.at\/wp-content\/uploads\/BildLogo2-300x300.png 300w, https:\/\/www.kosmetikstudiosilvia.at\/wp-content\/uploads\/BildLogo2-100x100.png 100w\" sizes=\"(max-width: 150px) 100vw, 150px\" \/><\/a><br \/>\nAlexandra\u00b4s med. HEILMASSAGEN<br \/>\n<\/strong>STUDIO f\u00fcr HEILMASSAGEN<br \/>\nAlexandra Gombotz<br \/>\n1010 Wien, Parisergasse 4 im Studio1<br \/>\n<a href=\"https:\/\/www.heilmassagen.co.at\">https:\/\/www.heilmassagen.co.at<\/a><\/p>\n","protected":false},"excerpt":{"rendered":"<p>Pilates Studio Ariane Frasca 1190 Wien, Terminvereinbarung unter: +43 664 509 7667 https:\/\/www.pilates-doebling.at\/ DAS BAD Installateur Wien Wir gestalten Traumb\u00e4der &#8211; in perfektem Zusammenspiel von Design, Funktionalit\u00e4t und Qualit\u00e4t. Wir &hellip; <\/p>\n","protected":false},"author":1,"featured_media":0,"parent":0,"menu_order":5,"comment_status":"closed","ping_status":"closed","template":"","meta":{"footnotes":""},"_links":{"self":[{"href":"https:\/\/www.kosmetikstudiosilvia.at\/index.php?rest_route=\/wp\/v2\/pages\/363"}],"collection":[{"href":"https:\/\/www.kosmetikstudiosilvia.at\/index.php?rest_route=\/wp\/v2\/pages"}],"about":[{"href":"https:\/\/www.kosmetikstudiosilvia.at\/index.php?rest_route=\/wp\/v2\/types\/page"}],"author":[{"embeddable":true,"href":"https:\/\/www.kosmetikstudiosilvia.at\/index.php?rest_route=\/wp\/v2\/users\/1"}],"replies":[{"embeddable":true,"href":"https:\/\/www.kosmetikstudiosilvia.at\/index.php?rest_route=%2Fwp%2Fv2%2Fcomments&post=363"}],"version-history":[{"count":56,"href":"https:\/\/www.kosmetikstudiosilvia.at\/index.php?rest_route=\/wp\/v2\/pages\/363\/revisions"}],"predecessor-version":[{"id":6170,"href":"https:\/\/www.kosmetikstudiosilvia.at\/index.php?rest_route=\/wp\/v2\/pages\/363\/revisions\/6170"}],"wp:attachment":[{"href":"https:\/\/www.kosmetikstudiosilvia.at\/index.php?rest_route=%2Fwp%2Fv2%2Fmedia&parent=363"}],"curies":[{"name":"wp","href":"https:\/\/api.w.org\/{rel}","templated":true}]}}